{"id":162,"date":"2022-10-13T07:20:11","date_gmt":"2022-10-13T07:20:11","guid":{"rendered":"http:\/\/box2288.temp.domains\/~absinti6\/?page_id=162"},"modified":"2025-07-10T14:59:13","modified_gmt":"2025-07-10T14:59:13","slug":"jazz","status":"publish","type":"page","link":"https:\/\/absinthegdansk.pl\/pl\/jazz\/","title":{"rendered":"Wednesday Jazz Jam"},"content":{"rendered":"<div data-elementor-type=\"wp-page\" data-elementor-id=\"162\" class=\"elementor elementor-162\">\n\t\t\t\t\t\t<section class=\"elementor-section elementor-top-section elementor-element elementor-element-865a580 elementor-section-boxed elementor-section-height-default elementor-section-height-default\" data-id=\"865a580\" data-element_type=\"section\" data-e-type=\"section\">\n\t\t\t\t\t\t<div class=\"elementor-container elementor-column-gap-default\">\n\t\t\t\t\t<div class=\"elementor-column elementor-col-100 elementor-top-column elementor-element elementor-element-d491a98\" data-id=\"d491a98\" data-element_type=\"column\" data-e-type=\"column\">\n\t\t\t<div class=\"elementor-widget-wrap elementor-element-populated\">\n\t\t\t\t\t\t<div class=\"elementor-element elementor-element-93cc1c7 elementor-widget elementor-widget-text-editor\" data-id=\"93cc1c7\" data-element_type=\"widget\" data-e-type=\"widget\" data-widget_type=\"text-editor.default\">\n\t\t\t\t<div class=\"elementor-widget-container\">\n\t\t\t\t\t\t\t\t\t<p>Absinthe Jazz jam session w ka\u017cd\u0105 \u015brod\u0119.\nWjazd Free<\/p><p>Tr\u00f3jmiejska scena jazzowa jest bardzo \u017cywa i pe\u0142na talentu<\/p><p>\u00a0<\/p>\t\t\t\t\t\t\t\t<\/div>\n\t\t\t\t<\/div>\n\t\t\t\t\t<\/div>\n\t\t<\/div>\n\t\t\t\t\t<\/div>\n\t\t<\/section>\n\t\t\t\t<section class=\"elementor-section elementor-top-section elementor-element elementor-element-277dae6 elementor-section-boxed elementor-section-height-default elementor-section-height-default\" data-id=\"277dae6\" data-element_type=\"section\" data-e-type=\"section\">\n\t\t\t\t\t\t<div class=\"elementor-container elementor-column-gap-default\">\n\t\t\t\t\t<div class=\"elementor-column elementor-col-33 elementor-top-column elementor-element elementor-element-113e474\" data-id=\"113e474\" data-element_type=\"column\" data-e-type=\"column\">\n\t\t\t<div class=\"elementor-widget-wrap elementor-element-populated\">\n\t\t\t\t\t\t<div class=\"elementor-element elementor-element-4816481 elementor-widget elementor-widget-image\" data-id=\"4816481\" data-element_type=\"widget\" data-e-type=\"widget\" data-widget_type=\"image.default\">\n\t\t\t\t<div class=\"elementor-widget-container\">\n\t\t\t\t\t\t\t\t\t\t\t\t\t\t\t<img fetchpriority=\"high\" decoding=\"async\" width=\"800\" height=\"533\" src=\"https:\/\/i0.wp.com\/absinthegdansk.pl\/wp-content\/uploads\/2023\/03\/211A7839.jpg?fit=800%2C533&amp;ssl=1\" class=\"attachment-large size-large wp-image-482\" alt=\"\" srcset=\"https:\/\/i0.wp.com\/absinthegdansk.pl\/wp-content\/uploads\/2023\/03\/211A7839.jpg?w=2000&amp;ssl=1 2000w, https:\/\/i0.wp.com\/absinthegdansk.pl\/wp-content\/uploads\/2023\/03\/211A7839.jpg?resize=300%2C200&amp;ssl=1 300w, https:\/\/i0.wp.com\/absinthegdansk.pl\/wp-content\/uploads\/2023\/03\/211A7839.jpg?resize=1024%2C682&amp;ssl=1 1024w, https:\/\/i0.wp.com\/absinthegdansk.pl\/wp-content\/uploads\/2023\/03\/211A7839.jpg?resize=768%2C512&amp;ssl=1 768w, https:\/\/i0.wp.com\/absinthegdansk.pl\/wp-content\/uploads\/2023\/03\/211A7839.jpg?resize=1536%2C1024&amp;ssl=1 1536w, https:\/\/i0.wp.com\/absinthegdansk.pl\/wp-content\/uploads\/2023\/03\/211A7839.jpg?resize=18%2C12&amp;ssl=1 18w, https:\/\/i0.wp.com\/absinthegdansk.pl\/wp-content\/uploads\/2023\/03\/211A7839.jpg?w=1600 1600w\" sizes=\"(max-width: 800px) 100vw, 800px\" \/>\t\t\t\t\t\t\t\t\t\t\t\t\t\t\t<\/div>\n\t\t\t\t<\/div>\n\t\t\t\t\t<\/div>\n\t\t<\/div>\n\t\t\t\t<div class=\"elementor-column elementor-col-33 elementor-top-column elementor-element elementor-element-eb392cd\" data-id=\"eb392cd\" data-element_type=\"column\" data-e-type=\"column\">\n\t\t\t<div class=\"elementor-widget-wrap elementor-element-populated\">\n\t\t\t\t\t\t<div class=\"elementor-element elementor-element-3770625 elementor-widget elementor-widget-image\" data-id=\"3770625\" data-element_type=\"widget\" data-e-type=\"widget\" data-widget_type=\"image.default\">\n\t\t\t\t<div class=\"elementor-widget-container\">\n\t\t\t\t\t\t\t\t\t\t\t\t\t\t\t<img decoding=\"async\" width=\"800\" height=\"533\" src=\"https:\/\/i0.wp.com\/absinthegdansk.pl\/wp-content\/uploads\/2023\/03\/211A7744.jpg?fit=800%2C533&amp;ssl=1\" class=\"attachment-large size-large wp-image-481\" alt=\"\" srcset=\"https:\/\/i0.wp.com\/absinthegdansk.pl\/wp-content\/uploads\/2023\/03\/211A7744.jpg?w=2000&amp;ssl=1 2000w, https:\/\/i0.wp.com\/absinthegdansk.pl\/wp-content\/uploads\/2023\/03\/211A7744.jpg?resize=300%2C200&amp;ssl=1 300w, https:\/\/i0.wp.com\/absinthegdansk.pl\/wp-content\/uploads\/2023\/03\/211A7744.jpg?resize=1024%2C682&amp;ssl=1 1024w, https:\/\/i0.wp.com\/absinthegdansk.pl\/wp-content\/uploads\/2023\/03\/211A7744.jpg?resize=768%2C512&amp;ssl=1 768w, https:\/\/i0.wp.com\/absinthegdansk.pl\/wp-content\/uploads\/2023\/03\/211A7744.jpg?resize=1536%2C1024&amp;ssl=1 1536w, https:\/\/i0.wp.com\/absinthegdansk.pl\/wp-content\/uploads\/2023\/03\/211A7744.jpg?resize=18%2C12&amp;ssl=1 18w, https:\/\/i0.wp.com\/absinthegdansk.pl\/wp-content\/uploads\/2023\/03\/211A7744.jpg?w=1600 1600w\" sizes=\"(max-width: 800px) 100vw, 800px\" \/>\t\t\t\t\t\t\t\t\t\t\t\t\t\t\t<\/div>\n\t\t\t\t<\/div>\n\t\t\t\t\t<\/div>\n\t\t<\/div>\n\t\t\t\t<div class=\"elementor-column elementor-col-33 elementor-top-column elementor-element elementor-element-057044e\" data-id=\"057044e\" data-element_type=\"column\" data-e-type=\"column\">\n\t\t\t<div class=\"elementor-widget-wrap elementor-element-populated\">\n\t\t\t\t\t\t<div class=\"elementor-element elementor-element-4e9376c elementor-widget elementor-widget-image\" data-id=\"4e9376c\" data-element_type=\"widget\" data-e-type=\"widget\" data-widget_type=\"image.default\">\n\t\t\t\t<div class=\"elementor-widget-container\">\n\t\t\t\t\t\t\t\t\t\t\t\t\t\t\t<img decoding=\"async\" width=\"800\" height=\"533\" src=\"https:\/\/i0.wp.com\/absinthegdansk.pl\/wp-content\/uploads\/2023\/03\/211A2522.jpg?fit=800%2C533&amp;ssl=1\" class=\"attachment-large size-large wp-image-479\" alt=\"\" srcset=\"https:\/\/i0.wp.com\/absinthegdansk.pl\/wp-content\/uploads\/2023\/03\/211A2522.jpg?w=2000&amp;ssl=1 2000w, https:\/\/i0.wp.com\/absinthegdansk.pl\/wp-content\/uploads\/2023\/03\/211A2522.jpg?resize=300%2C200&amp;ssl=1 300w, https:\/\/i0.wp.com\/absinthegdansk.pl\/wp-content\/uploads\/2023\/03\/211A2522.jpg?resize=1024%2C682&amp;ssl=1 1024w, https:\/\/i0.wp.com\/absinthegdansk.pl\/wp-content\/uploads\/2023\/03\/211A2522.jpg?resize=768%2C512&amp;ssl=1 768w, https:\/\/i0.wp.com\/absinthegdansk.pl\/wp-content\/uploads\/2023\/03\/211A2522.jpg?resize=1536%2C1024&amp;ssl=1 1536w, https:\/\/i0.wp.com\/absinthegdansk.pl\/wp-content\/uploads\/2023\/03\/211A2522.jpg?resize=18%2C12&amp;ssl=1 18w, https:\/\/i0.wp.com\/absinthegdansk.pl\/wp-content\/uploads\/2023\/03\/211A2522.jpg?w=1600 1600w\" sizes=\"(max-width: 800px) 100vw, 800px\" \/>\t\t\t\t\t\t\t\t\t\t\t\t\t\t\t<\/div>\n\t\t\t\t<\/div>\n\t\t\t\t\t<\/div>\n\t\t<\/div>\n\t\t\t\t\t<\/div>\n\t\t<\/section>\n\t\t\t\t<section class=\"elementor-section elementor-top-section elementor-element elementor-element-115b29e elementor-section-boxed elementor-section-height-default elementor-section-height-default\" data-id=\"115b29e\" data-element_type=\"section\" data-e-type=\"section\">\n\t\t\t\t\t\t<div class=\"elementor-container elementor-column-gap-default\">\n\t\t\t\t\t<div class=\"elementor-column elementor-col-100 elementor-top-column elementor-element elementor-element-b685135\" data-id=\"b685135\" data-element_type=\"column\" data-e-type=\"column\">\n\t\t\t<div class=\"elementor-widget-wrap elementor-element-populated\">\n\t\t\t\t\t\t<div class=\"elementor-element elementor-element-c6aa7a6 elementor-widget elementor-widget-text-editor\" data-id=\"c6aa7a6\" data-element_type=\"widget\" data-e-type=\"widget\" data-widget_type=\"text-editor.default\">\n\t\t\t\t<div class=\"elementor-widget-container\">\n\t\t\t\t\t\t\t\t\t<p>Every week, great (mostly) young musicians play sets of jazz, instrumental or vocal, sometimes mixed with soul, groove, or rock.&nbsp; It&#8217;s a jam session, so if you&#8217;re up for it, you can join in!&nbsp; Always FREE entry!<\/p>\n<p>Check our&nbsp;<a href=\"https:\/\/www.facebook.com\/cafeabsinthe\/events\" target=\"_blank\">Facebook&nbsp;<\/a>for live updates and see what&#8217;s on this week&nbsp;<\/p>\t\t\t\t\t\t\t\t<\/div>\n\t\t\t\t<\/div>\n\t\t\t\t\t<\/div>\n\t\t<\/div>\n\t\t\t\t\t<\/div>\n\t\t<\/section>\n\t\t\t\t<\/div>","protected":false},"excerpt":{"rendered":"<p>Absinthe features live jazz every Wednesday! The Tricity jazz scene is very vibrant and brimming with talent \u00a0 Every week, great (mostly) young musicians play sets of jazz, instrumental or vocal, sometimes mixed with soul, groove, or rock.&nbsp; It&#8217;s a jam session, so if you&#8217;re up for it, you can join in!&nbsp; Always FREE entry! [&hellip;]<\/p>\n","protected":false},"author":1,"featured_media":0,"parent":0,"menu_order":0,"comment_status":"closed","ping_status":"closed","template":"","meta":{"nf_dc_page":"","om_disable_all_campaigns":false,"_monsterinsights_skip_tracking":false,"_monsterinsights_sitenote_active":false,"_monsterinsights_sitenote_note":"","_monsterinsights_sitenote_category":0,"footnotes":""},"class_list":["post-162","page","type-page","status-publish","hentry"],"yoast_head":"<!-- This site is optimized with the Yoast SEO plugin v27.5 - https:\/\/yoast.com\/product\/yoast-seo-wordpress\/ -->\n<title>Wednesday Jazz Jam - Absinthe<\/title>\n<meta name=\"robots\" content=\"index, follow, max-snippet:-1, max-image-preview:large, max-video-preview:-1\" \/>\n<link rel=\"canonical\" href=\"https:\/\/absinthegdansk.pl\/pl\/jazz\/\" \/>\n<meta property=\"og:locale\" content=\"pl_PL\" \/>\n<meta property=\"og:type\" content=\"article\" \/>\n<meta property=\"og:title\" content=\"Wednesday Jazz Jam - Absinthe\" \/>\n<meta property=\"og:description\" content=\"Absinthe features live jazz every Wednesday! The Tricity jazz scene is very vibrant and brimming with talent \u00a0 Every week, great (mostly) young musicians play sets of jazz, instrumental or vocal, sometimes mixed with soul, groove, or rock.&nbsp; It&#8217;s a jam session, so if you&#8217;re up for it, you can join in!&nbsp; Always FREE entry! [&hellip;]\" \/>\n<meta property=\"og:url\" content=\"https:\/\/absinthegdansk.pl\/pl\/jazz\/\" \/>\n<meta property=\"og:site_name\" content=\"Absinthe\" \/>\n<meta property=\"article:modified_time\" content=\"2025-07-10T14:59:13+00:00\" \/>\n<meta property=\"og:image\" content=\"http:\/\/absinthegdansk.pl\/wp-content\/uploads\/2023\/03\/211A7839-1024x682.jpg\" \/>\n<meta name=\"twitter:card\" content=\"summary_large_image\" \/>\n<meta name=\"twitter:label1\" content=\"Szacowany czas czytania\" \/>\n\t<meta name=\"twitter:data1\" content=\"1 minuta\" \/>\n<script type=\"application\/ld+json\" class=\"yoast-schema-graph\">{\"@context\":\"https:\\\/\\\/schema.org\",\"@graph\":[{\"@type\":\"WebPage\",\"@id\":\"https:\\\/\\\/absinthegdansk.pl\\\/jazz\\\/\",\"url\":\"https:\\\/\\\/absinthegdansk.pl\\\/jazz\\\/\",\"name\":\"Wednesday Jazz Jam - Absinthe\",\"isPartOf\":{\"@id\":\"https:\\\/\\\/absinthegdansk.pl\\\/#website\"},\"primaryImageOfPage\":{\"@id\":\"https:\\\/\\\/absinthegdansk.pl\\\/jazz\\\/#primaryimage\"},\"image\":{\"@id\":\"https:\\\/\\\/absinthegdansk.pl\\\/jazz\\\/#primaryimage\"},\"thumbnailUrl\":\"http:\\\/\\\/absinthegdansk.pl\\\/wp-content\\\/uploads\\\/2023\\\/03\\\/211A7839-1024x682.jpg\",\"datePublished\":\"2022-10-13T07:20:11+00:00\",\"dateModified\":\"2025-07-10T14:59:13+00:00\",\"breadcrumb\":{\"@id\":\"https:\\\/\\\/absinthegdansk.pl\\\/jazz\\\/#breadcrumb\"},\"inLanguage\":\"pl-PL\",\"potentialAction\":[{\"@type\":\"ReadAction\",\"target\":[\"https:\\\/\\\/absinthegdansk.pl\\\/jazz\\\/\"]}]},{\"@type\":\"ImageObject\",\"inLanguage\":\"pl-PL\",\"@id\":\"https:\\\/\\\/absinthegdansk.pl\\\/jazz\\\/#primaryimage\",\"url\":\"http:\\\/\\\/absinthegdansk.pl\\\/wp-content\\\/uploads\\\/2023\\\/03\\\/211A7839-1024x682.jpg\",\"contentUrl\":\"http:\\\/\\\/absinthegdansk.pl\\\/wp-content\\\/uploads\\\/2023\\\/03\\\/211A7839-1024x682.jpg\"},{\"@type\":\"BreadcrumbList\",\"@id\":\"https:\\\/\\\/absinthegdansk.pl\\\/jazz\\\/#breadcrumb\",\"itemListElement\":[{\"@type\":\"ListItem\",\"position\":1,\"name\":\"Home\",\"item\":\"https:\\\/\\\/absinthegdansk.pl\\\/\"},{\"@type\":\"ListItem\",\"position\":2,\"name\":\"Wednesday Jazz Jam\"}]},{\"@type\":\"WebSite\",\"@id\":\"https:\\\/\\\/absinthegdansk.pl\\\/#website\",\"url\":\"https:\\\/\\\/absinthegdansk.pl\\\/\",\"name\":\"Absinthe\",\"description\":\"Come for one, stay til dawn\",\"publisher\":{\"@id\":\"https:\\\/\\\/absinthegdansk.pl\\\/#organization\"},\"potentialAction\":[{\"@type\":\"SearchAction\",\"target\":{\"@type\":\"EntryPoint\",\"urlTemplate\":\"https:\\\/\\\/absinthegdansk.pl\\\/?s={search_term_string}\"},\"query-input\":{\"@type\":\"PropertyValueSpecification\",\"valueRequired\":true,\"valueName\":\"search_term_string\"}}],\"inLanguage\":\"pl-PL\"},{\"@type\":\"Organization\",\"@id\":\"https:\\\/\\\/absinthegdansk.pl\\\/#organization\",\"name\":\"Absinthe\",\"url\":\"https:\\\/\\\/absinthegdansk.pl\\\/\",\"logo\":{\"@type\":\"ImageObject\",\"inLanguage\":\"pl-PL\",\"@id\":\"https:\\\/\\\/absinthegdansk.pl\\\/#\\\/schema\\\/logo\\\/image\\\/\",\"url\":\"https:\\\/\\\/i0.wp.com\\\/absinthegdansk.pl\\\/wp-content\\\/uploads\\\/2022\\\/10\\\/Logosmall-1.png?fit=2416%2C395&ssl=1\",\"contentUrl\":\"https:\\\/\\\/i0.wp.com\\\/absinthegdansk.pl\\\/wp-content\\\/uploads\\\/2022\\\/10\\\/Logosmall-1.png?fit=2416%2C395&ssl=1\",\"width\":2416,\"height\":395,\"caption\":\"Absinthe\"},\"image\":{\"@id\":\"https:\\\/\\\/absinthegdansk.pl\\\/#\\\/schema\\\/logo\\\/image\\\/\"}}]}<\/script>\n<!-- \/ Yoast SEO plugin. -->","yoast_head_json":{"title":"Wednesday Jazz Jam - Absinthe","robots":{"index":"index","follow":"follow","max-snippet":"max-snippet:-1","max-image-preview":"max-image-preview:large","max-video-preview":"max-video-preview:-1"},"canonical":"https:\/\/absinthegdansk.pl\/pl\/jazz\/","og_locale":"pl_PL","og_type":"article","og_title":"Wednesday Jazz Jam - Absinthe","og_description":"Absinthe features live jazz every Wednesday! The Tricity jazz scene is very vibrant and brimming with talent \u00a0 Every week, great (mostly) young musicians play sets of jazz, instrumental or vocal, sometimes mixed with soul, groove, or rock.&nbsp; It&#8217;s a jam session, so if you&#8217;re up for it, you can join in!&nbsp; Always FREE entry! [&hellip;]","og_url":"https:\/\/absinthegdansk.pl\/pl\/jazz\/","og_site_name":"Absinthe","article_modified_time":"2025-07-10T14:59:13+00:00","og_image":[{"url":"http:\/\/absinthegdansk.pl\/wp-content\/uploads\/2023\/03\/211A7839-1024x682.jpg","type":"","width":"","height":""}],"twitter_card":"summary_large_image","twitter_misc":{"Szacowany czas czytania":"1 minuta"},"schema":{"@context":"https:\/\/schema.org","@graph":[{"@type":"WebPage","@id":"https:\/\/absinthegdansk.pl\/jazz\/","url":"https:\/\/absinthegdansk.pl\/jazz\/","name":"Wednesday Jazz Jam - Absinthe","isPartOf":{"@id":"https:\/\/absinthegdansk.pl\/#website"},"primaryImageOfPage":{"@id":"https:\/\/absinthegdansk.pl\/jazz\/#primaryimage"},"image":{"@id":"https:\/\/absinthegdansk.pl\/jazz\/#primaryimage"},"thumbnailUrl":"http:\/\/absinthegdansk.pl\/wp-content\/uploads\/2023\/03\/211A7839-1024x682.jpg","datePublished":"2022-10-13T07:20:11+00:00","dateModified":"2025-07-10T14:59:13+00:00","breadcrumb":{"@id":"https:\/\/absinthegdansk.pl\/jazz\/#breadcrumb"},"inLanguage":"pl-PL","potentialAction":[{"@type":"ReadAction","target":["https:\/\/absinthegdansk.pl\/jazz\/"]}]},{"@type":"ImageObject","inLanguage":"pl-PL","@id":"https:\/\/absinthegdansk.pl\/jazz\/#primaryimage","url":"http:\/\/absinthegdansk.pl\/wp-content\/uploads\/2023\/03\/211A7839-1024x682.jpg","contentUrl":"http:\/\/absinthegdansk.pl\/wp-content\/uploads\/2023\/03\/211A7839-1024x682.jpg"},{"@type":"BreadcrumbList","@id":"https:\/\/absinthegdansk.pl\/jazz\/#breadcrumb","itemListElement":[{"@type":"ListItem","position":1,"name":"Home","item":"https:\/\/absinthegdansk.pl\/"},{"@type":"ListItem","position":2,"name":"Wednesday Jazz Jam"}]},{"@type":"WebSite","@id":"https:\/\/absinthegdansk.pl\/#website","url":"https:\/\/absinthegdansk.pl\/","name":"Absinthe","description":"Wpadnij na jednego, zosta\u0144 do rana","publisher":{"@id":"https:\/\/absinthegdansk.pl\/#organization"},"potentialAction":[{"@type":"SearchAction","target":{"@type":"EntryPoint","urlTemplate":"https:\/\/absinthegdansk.pl\/?s={search_term_string}"},"query-input":{"@type":"PropertyValueSpecification","valueRequired":true,"valueName":"search_term_string"}}],"inLanguage":"pl-PL"},{"@type":"Organization","@id":"https:\/\/absinthegdansk.pl\/#organization","name":"Absinthe","url":"https:\/\/absinthegdansk.pl\/","logo":{"@type":"ImageObject","inLanguage":"pl-PL","@id":"https:\/\/absinthegdansk.pl\/#\/schema\/logo\/image\/","url":"https:\/\/i0.wp.com\/absinthegdansk.pl\/wp-content\/uploads\/2022\/10\/Logosmall-1.png?fit=2416%2C395&ssl=1","contentUrl":"https:\/\/i0.wp.com\/absinthegdansk.pl\/wp-content\/uploads\/2022\/10\/Logosmall-1.png?fit=2416%2C395&ssl=1","width":2416,"height":395,"caption":"Absinthe"},"image":{"@id":"https:\/\/absinthegdansk.pl\/#\/schema\/logo\/image\/"}}]}},"jetpack_sharing_enabled":true,"_links":{"self":[{"href":"https:\/\/absinthegdansk.pl\/pl\/wp-json\/wp\/v2\/pages\/162","targetHints":{"allow":["GET"]}}],"collection":[{"href":"https:\/\/absinthegdansk.pl\/pl\/wp-json\/wp\/v2\/pages"}],"about":[{"href":"https:\/\/absinthegdansk.pl\/pl\/wp-json\/wp\/v2\/types\/page"}],"author":[{"embeddable":true,"href":"https:\/\/absinthegdansk.pl\/pl\/wp-json\/wp\/v2\/users\/1"}],"replies":[{"embeddable":true,"href":"https:\/\/absinthegdansk.pl\/pl\/wp-json\/wp\/v2\/comments?post=162"}],"version-history":[{"count":20,"href":"https:\/\/absinthegdansk.pl\/pl\/wp-json\/wp\/v2\/pages\/162\/revisions"}],"predecessor-version":[{"id":521,"href":"https:\/\/absinthegdansk.pl\/pl\/wp-json\/wp\/v2\/pages\/162\/revisions\/521"}],"wp:attachment":[{"href":"https:\/\/absinthegdansk.pl\/pl\/wp-json\/wp\/v2\/media?parent=162"}],"curies":[{"name":"wp","href":"https:\/\/api.w.org\/{rel}","templated":true}]}}