{"id":196,"date":"2022-10-13T10:27:29","date_gmt":"2022-10-13T10:27:29","guid":{"rendered":"http:\/\/box2288.temp.domains\/~absinti6\/?page_id=196"},"modified":"2025-07-10T15:01:37","modified_gmt":"2025-07-10T15:01:37","slug":"dj-parties","status":"publish","type":"page","link":"https:\/\/absinthegdansk.pl\/pl\/dj-parties\/","title":{"rendered":"Weekend DJ's Party"},"content":{"rendered":"<div data-elementor-type=\"wp-page\" data-elementor-id=\"196\" class=\"elementor elementor-196\">\n\t\t\t\t\t\t<section class=\"elementor-section elementor-top-section elementor-element elementor-element-f8c0b0c elementor-section-boxed elementor-section-height-default elementor-section-height-default\" data-id=\"f8c0b0c\" data-element_type=\"section\" data-e-type=\"section\">\n\t\t\t\t\t\t<div class=\"elementor-container elementor-column-gap-default\">\n\t\t\t\t\t<div class=\"elementor-column elementor-col-50 elementor-top-column elementor-element elementor-element-ef58903\" data-id=\"ef58903\" data-element_type=\"column\" data-e-type=\"column\" data-settings=\"{&quot;background_background&quot;:&quot;classic&quot;}\">\n\t\t\t<div class=\"elementor-widget-wrap elementor-element-populated\">\n\t\t\t\t\t\t<div class=\"elementor-element elementor-element-9c8f0a3 elementor-widget elementor-widget-text-editor\" data-id=\"9c8f0a3\" data-element_type=\"widget\" data-e-type=\"widget\" data-widget_type=\"text-editor.default\">\n\t\t\t\t<div class=\"elementor-widget-container\">\n\t\t\t\t\t\t\t\t\t<p>Absinthe offers wild and fun DJ parties, with a wide variety of music, ranging from Disco, Pop, New, Old, Indie Dance, Britpop, Polish, Balkan, Mashups, House, Dirty, Rap, Remixes, Punk Anthems, Singalongs, Swing, Latino, House, Funk&#8230;.but it is far from a random mishmash.\u00a0 Trust us, you&#8217;ll have a fantastic time!<\/p><div id=\"C1B6E624_8131_E876_5B3F_F46251A38D13\">\u00a0<\/div>\t\t\t\t\t\t\t\t<\/div>\n\t\t\t\t<\/div>\n\t\t\t\t\t<\/div>\n\t\t<\/div>\n\t\t\t\t<div class=\"elementor-column elementor-col-50 elementor-top-column elementor-element elementor-element-8e34f43\" data-id=\"8e34f43\" data-element_type=\"column\" data-e-type=\"column\">\n\t\t\t<div class=\"elementor-widget-wrap elementor-element-populated\">\n\t\t\t\t\t\t<div class=\"elementor-element elementor-element-918d52a elementor-widget elementor-widget-video\" data-id=\"918d52a\" data-element_type=\"widget\" data-e-type=\"widget\" data-settings=\"{&quot;video_type&quot;:&quot;hosted&quot;,&quot;controls&quot;:&quot;yes&quot;}\" data-widget_type=\"video.default\">\n\t\t\t\t<div class=\"elementor-widget-container\">\n\t\t\t\t\t\t\t<div class=\"e-hosted-video elementor-wrapper elementor-open-inline\">\n\t\t\t\t\t<video class=\"elementor-video\" src=\"http:\/\/absinthegdansk.pl\/wp-content\/uploads\/2022\/10\/Absinthe-Dancing-on-the-tables.mp4\" controls=\"\" preload=\"metadata\" controlslist=\"nodownload\"><\/video>\n\t\t\t\t<\/div>\n\t\t\t\t\t\t<\/div>\n\t\t\t\t<\/div>\n\t\t\t\t\t<\/div>\n\t\t<\/div>\n\t\t\t\t\t<\/div>\n\t\t<\/section>\n\t\t\t\t<section class=\"elementor-section elementor-top-section elementor-element elementor-element-ff63ecd elementor-section-boxed elementor-section-height-default elementor-section-height-default\" data-id=\"ff63ecd\" data-element_type=\"section\" data-e-type=\"section\">\n\t\t\t\t\t\t<div class=\"elementor-container elementor-column-gap-default\">\n\t\t\t\t\t<div class=\"elementor-column elementor-col-100 elementor-top-column elementor-element elementor-element-ed41b6a\" data-id=\"ed41b6a\" data-element_type=\"column\" data-e-type=\"column\">\n\t\t\t<div class=\"elementor-widget-wrap elementor-element-populated\">\n\t\t\t\t\t\t<div class=\"elementor-element elementor-element-c9d2777 elementor-widget elementor-widget-text-editor\" data-id=\"c9d2777\" data-element_type=\"widget\" data-e-type=\"widget\" data-widget_type=\"text-editor.default\">\n\t\t\t\t<div class=\"elementor-widget-container\">\n\t\t\t\t\t\t\t\t\t<p>Nasi DJ-e<\/p>\n<p>Karl, za\u0142o\u017cyciel i weteran Absyntowej sceny&nbsp;<a style=\"font-family: var( --e-global-typography-text-font-family ), Sans-serif; font-size: var( --e-global-typography-text-font-size ); font-style: var( --e-global-typography-text-font-style ); font-weight: var( --e-global-typography-text-font-weight ); letter-spacing: var( --e-global-typography-text-letter-spacing ); text-transform: var( --e-global-typography-text-text-transform ); word-spacing: var( --e-global-typography-text-word-spacing ); background-color: #000200;\" href=\"https:\/\/open.spotify.com\/playlist\/4myK59sT9IIL6OVyQ0Ni6x\" target=\"_blank\" rel=\"noopener\">Spotify Playlist<\/a><\/p>\n<p>Kuba MNOW, cz\u0142owiek renesansu, DJ, d\u017awi\u0119kowiec, Fotograf, producent video, cz\u0142owiek od wszystkiego&nbsp;&nbsp;<a style=\"font-family: var( --e-global-typography-text-font-family ), Sans-serif; font-size: var( --e-global-typography-text-font-size ); font-style: var( --e-global-typography-text-font-style ); font-weight: var( --e-global-typography-text-font-weight ); letter-spacing: var( --e-global-typography-text-letter-spacing ); text-transform: var( --e-global-typography-text-text-transform ); word-spacing: var( --e-global-typography-text-word-spacing ); background-color: #000200;\" href=\"https:\/\/open.spotify.com\/playlist\/1C0nHNv0DeJS5DE3VMOZR4\" target=\"_blank\" rel=\"noopener\">Spotify playlist<\/a>&nbsp;&nbsp;<a style=\"font-family: var( --e-global-typography-text-font-family ), Sans-serif; font-size: var( --e-global-typography-text-font-size ); font-style: var( --e-global-typography-text-font-style ); font-weight: var( --e-global-typography-text-font-weight ); letter-spacing: var( --e-global-typography-text-letter-spacing ); text-transform: var( --e-global-typography-text-text-transform ); word-spacing: var( --e-global-typography-text-word-spacing ); background-color: #000200;\" href=\"https:\/\/www.mnowland.com\/\" target=\"_blank\" rel=\"noopener\">MNOWland.com<\/a><\/p>\n<p>Tomek UK, mieszkaj\u0105c w Anglii, tylko czeka, kiedy wr\u00f3ci zn\u00f3w dla was zagra\u0107&nbsp;<a style=\"font-family: var( --e-global-typography-text-font-family ), Sans-serif; font-size: var( --e-global-typography-text-font-size ); font-style: var( --e-global-typography-text-font-style ); font-weight: var( --e-global-typography-text-font-weight ); letter-spacing: var( --e-global-typography-text-letter-spacing ); text-transform: var( --e-global-typography-text-text-transform ); word-spacing: var( --e-global-typography-text-word-spacing ); background-color: #000200;\" href=\"https:\/\/open.spotify.com\/playlist\/6kxtlNjIhNrTNBKNbGJDfX\" target=\"_blank\" rel=\"noopener\">Spotify Playlist<\/a><\/p>\n<p><a style=\"font-family: var( --e-global-typography-text-font-family ), Sans-serif; font-size: var( --e-global-typography-text-font-size ); font-style: var( --e-global-typography-text-font-style ); font-weight: var( --e-global-typography-text-font-weight ); letter-spacing: var( --e-global-typography-text-letter-spacing ); text-transform: var( --e-global-typography-text-text-transform ); word-spacing: var( --e-global-typography-text-word-spacing ); background-color: #000200;\" href=\"https:\/\/www.facebook.com\/djfleya\/\" target=\"_blank\" rel=\"noopener\">DJ Fleya<\/a>&nbsp;Wielostylowy Mistrz&nbsp;&nbsp;<a href=\"https:\/\/open.spotify.com\/playlist\/3b2Sa6nZt3o1Lv9tgwiwX8\" target=\"_blank\" rel=\"noopener\">Spotify playlis<\/a>t<\/p>\n<p>Mr Brightside \u2013 Always looks on the Brightside of life!&nbsp;<a style=\"font-family: var( --e-global-typography-text-font-family ), Sans-serif; font-size: var( --e-global-typography-text-font-size ); font-style: var( --e-global-typography-text-font-style ); font-weight: var( --e-global-typography-text-font-weight ); letter-spacing: var( --e-global-typography-text-letter-spacing ); text-transform: var( --e-global-typography-text-text-transform ); word-spacing: var( --e-global-typography-text-word-spacing ); background-color: #000200;\" href=\"https:\/\/open.spotify.com\/playlist\/4UyDzzThjgHlwBJXzDEuaq\" target=\"_blank\" rel=\"noopener\">Spotify Playlist<\/a><\/p>\n<p>eS \u2013 powa\u017cny za dnia,&nbsp;<a href=\"https:\/\/m.facebook.com\/profile.php?id=100065371213996\" target=\"_blank\" rel=\"noopener\">NuCool&nbsp;<\/a>noc\u0105<\/p>\n<p>Rabit \u2013 delikatna i ukochana dusza&nbsp;<a style=\"font-family: var( --e-global-typography-text-font-family ), Sans-serif; font-size: var( --e-global-typography-text-font-size ); font-style: var( --e-global-typography-text-font-style ); font-weight: var( --e-global-typography-text-font-weight ); letter-spacing: var( --e-global-typography-text-letter-spacing ); text-transform: var( --e-global-typography-text-text-transform ); word-spacing: var( --e-global-typography-text-word-spacing ); background-color: #000200;\" href=\"https:\/\/open.spotify.com\/playlist\/64dgJWzb6Ifjajb3dXmnRC\" target=\"_blank\" rel=\"noopener\">Spotify<\/a><\/p><p>To see what&#8217;s on this week, check&nbsp;<a href=\"https:\/\/www.facebook.com\/cafeabsinthe\/events\" target=\"_blank\" style=\"background-color: rgb(0, 2, 0);\">Facebook&nbsp;<\/a><\/p>\n<div id=\"C1B6E624_8131_E876_5B3F_F46251A38D13\">&nbsp;<\/div>\t\t\t\t\t\t\t\t<\/div>\n\t\t\t\t<\/div>\n\t\t\t\t\t<\/div>\n\t\t<\/div>\n\t\t\t\t\t<\/div>\n\t\t<\/section>\n\t\t\t\t<\/div>","protected":false},"excerpt":{"rendered":"<p>Absinthe offers wild and fun DJ parties, with a wide variety of music, ranging from Disco, Pop, New, Old, Indie Dance, Britpop, Polish, Balkan, Mashups, House, Dirty, Rap, Remixes, Punk Anthems, Singalongs, Swing, Latino, House, Funk&#8230;.but it is far from a random mishmash.\u00a0 Trust us, you&#8217;ll have a fantastic time! \u00a0http:\/\/absinthegdansk.pl\/wp-content\/uploads\/2022\/10\/Absinthe-Dancing-on-the-tables.mp4 Some of our fantastic [&hellip;]<\/p>\n","protected":false},"author":1,"featured_media":0,"parent":0,"menu_order":0,"comment_status":"closed","ping_status":"closed","template":"","meta":{"nf_dc_page":"","om_disable_all_campaigns":false,"_monsterinsights_skip_tracking":false,"_monsterinsights_sitenote_active":false,"_monsterinsights_sitenote_note":"","_monsterinsights_sitenote_category":0,"footnotes":""},"class_list":["post-196","page","type-page","status-publish","hentry"],"yoast_head":"<!-- This site is optimized with the Yoast SEO plugin v27.5 - https:\/\/yoast.com\/product\/yoast-seo-wordpress\/ -->\n<title>Weekend DJ Parties - Absinthe<\/title>\n<meta name=\"robots\" content=\"index, follow, max-snippet:-1, max-image-preview:large, max-video-preview:-1\" \/>\n<link rel=\"canonical\" href=\"https:\/\/absinthegdansk.pl\/pl\/dj-parties\/\" \/>\n<meta property=\"og:locale\" content=\"pl_PL\" \/>\n<meta property=\"og:type\" content=\"article\" \/>\n<meta property=\"og:title\" content=\"Weekend DJ Parties - Absinthe\" \/>\n<meta property=\"og:description\" content=\"Absinthe offers wild and fun DJ parties, with a wide variety of music, ranging from Disco, Pop, New, Old, Indie Dance, Britpop, Polish, Balkan, Mashups, House, Dirty, Rap, Remixes, Punk Anthems, Singalongs, Swing, Latino, House, Funk&#8230;.but it is far from a random mishmash.\u00a0 Trust us, you&#8217;ll have a fantastic time! \u00a0http:\/\/absinthegdansk.pl\/wp-content\/uploads\/2022\/10\/Absinthe-Dancing-on-the-tables.mp4 Some of our fantastic [&hellip;]\" \/>\n<meta property=\"og:url\" content=\"https:\/\/absinthegdansk.pl\/pl\/dj-parties\/\" \/>\n<meta property=\"og:site_name\" content=\"Absinthe\" \/>\n<meta property=\"article:modified_time\" content=\"2025-07-10T15:01:37+00:00\" \/>\n<meta name=\"twitter:card\" content=\"summary_large_image\" \/>\n<meta name=\"twitter:label1\" content=\"Szacowany czas czytania\" \/>\n\t<meta name=\"twitter:data1\" content=\"1 minuta\" \/>\n<script type=\"application\/ld+json\" class=\"yoast-schema-graph\">{\"@context\":\"https:\\\/\\\/schema.org\",\"@graph\":[{\"@type\":\"WebPage\",\"@id\":\"https:\\\/\\\/absinthegdansk.pl\\\/dj-parties\\\/\",\"url\":\"https:\\\/\\\/absinthegdansk.pl\\\/dj-parties\\\/\",\"name\":\"Weekend DJ Parties - Absinthe\",\"isPartOf\":{\"@id\":\"https:\\\/\\\/absinthegdansk.pl\\\/#website\"},\"datePublished\":\"2022-10-13T10:27:29+00:00\",\"dateModified\":\"2025-07-10T15:01:37+00:00\",\"breadcrumb\":{\"@id\":\"https:\\\/\\\/absinthegdansk.pl\\\/dj-parties\\\/#breadcrumb\"},\"inLanguage\":\"pl-PL\",\"potentialAction\":[{\"@type\":\"ReadAction\",\"target\":[\"https:\\\/\\\/absinthegdansk.pl\\\/dj-parties\\\/\"]}]},{\"@type\":\"BreadcrumbList\",\"@id\":\"https:\\\/\\\/absinthegdansk.pl\\\/dj-parties\\\/#breadcrumb\",\"itemListElement\":[{\"@type\":\"ListItem\",\"position\":1,\"name\":\"Home\",\"item\":\"https:\\\/\\\/absinthegdansk.pl\\\/\"},{\"@type\":\"ListItem\",\"position\":2,\"name\":\"Weekend DJ Parties\"}]},{\"@type\":\"WebSite\",\"@id\":\"https:\\\/\\\/absinthegdansk.pl\\\/#website\",\"url\":\"https:\\\/\\\/absinthegdansk.pl\\\/\",\"name\":\"Absinthe\",\"description\":\"Come for one, stay til dawn\",\"publisher\":{\"@id\":\"https:\\\/\\\/absinthegdansk.pl\\\/#organization\"},\"potentialAction\":[{\"@type\":\"SearchAction\",\"target\":{\"@type\":\"EntryPoint\",\"urlTemplate\":\"https:\\\/\\\/absinthegdansk.pl\\\/?s={search_term_string}\"},\"query-input\":{\"@type\":\"PropertyValueSpecification\",\"valueRequired\":true,\"valueName\":\"search_term_string\"}}],\"inLanguage\":\"pl-PL\"},{\"@type\":\"Organization\",\"@id\":\"https:\\\/\\\/absinthegdansk.pl\\\/#organization\",\"name\":\"Absinthe\",\"url\":\"https:\\\/\\\/absinthegdansk.pl\\\/\",\"logo\":{\"@type\":\"ImageObject\",\"inLanguage\":\"pl-PL\",\"@id\":\"https:\\\/\\\/absinthegdansk.pl\\\/#\\\/schema\\\/logo\\\/image\\\/\",\"url\":\"https:\\\/\\\/i0.wp.com\\\/absinthegdansk.pl\\\/wp-content\\\/uploads\\\/2022\\\/10\\\/Logosmall-1.png?fit=2416%2C395&ssl=1\",\"contentUrl\":\"https:\\\/\\\/i0.wp.com\\\/absinthegdansk.pl\\\/wp-content\\\/uploads\\\/2022\\\/10\\\/Logosmall-1.png?fit=2416%2C395&ssl=1\",\"width\":2416,\"height\":395,\"caption\":\"Absinthe\"},\"image\":{\"@id\":\"https:\\\/\\\/absinthegdansk.pl\\\/#\\\/schema\\\/logo\\\/image\\\/\"}}]}<\/script>\n<!-- \/ Yoast SEO plugin. -->","yoast_head_json":{"title":"Weekend DJ Parties - Absinthe","robots":{"index":"index","follow":"follow","max-snippet":"max-snippet:-1","max-image-preview":"max-image-preview:large","max-video-preview":"max-video-preview:-1"},"canonical":"https:\/\/absinthegdansk.pl\/pl\/dj-parties\/","og_locale":"pl_PL","og_type":"article","og_title":"Weekend DJ Parties - Absinthe","og_description":"Absinthe offers wild and fun DJ parties, with a wide variety of music, ranging from Disco, Pop, New, Old, Indie Dance, Britpop, Polish, Balkan, Mashups, House, Dirty, Rap, Remixes, Punk Anthems, Singalongs, Swing, Latino, House, Funk&#8230;.but it is far from a random mishmash.\u00a0 Trust us, you&#8217;ll have a fantastic time! \u00a0http:\/\/absinthegdansk.pl\/wp-content\/uploads\/2022\/10\/Absinthe-Dancing-on-the-tables.mp4 Some of our fantastic [&hellip;]","og_url":"https:\/\/absinthegdansk.pl\/pl\/dj-parties\/","og_site_name":"Absinthe","article_modified_time":"2025-07-10T15:01:37+00:00","twitter_card":"summary_large_image","twitter_misc":{"Szacowany czas czytania":"1 minuta"},"schema":{"@context":"https:\/\/schema.org","@graph":[{"@type":"WebPage","@id":"https:\/\/absinthegdansk.pl\/dj-parties\/","url":"https:\/\/absinthegdansk.pl\/dj-parties\/","name":"Weekend DJ Parties - Absinthe","isPartOf":{"@id":"https:\/\/absinthegdansk.pl\/#website"},"datePublished":"2022-10-13T10:27:29+00:00","dateModified":"2025-07-10T15:01:37+00:00","breadcrumb":{"@id":"https:\/\/absinthegdansk.pl\/dj-parties\/#breadcrumb"},"inLanguage":"pl-PL","potentialAction":[{"@type":"ReadAction","target":["https:\/\/absinthegdansk.pl\/dj-parties\/"]}]},{"@type":"BreadcrumbList","@id":"https:\/\/absinthegdansk.pl\/dj-parties\/#breadcrumb","itemListElement":[{"@type":"ListItem","position":1,"name":"Home","item":"https:\/\/absinthegdansk.pl\/"},{"@type":"ListItem","position":2,"name":"Weekend DJ Parties"}]},{"@type":"WebSite","@id":"https:\/\/absinthegdansk.pl\/#website","url":"https:\/\/absinthegdansk.pl\/","name":"Absinthe","description":"Wpadnij na jednego, zosta\u0144 do rana","publisher":{"@id":"https:\/\/absinthegdansk.pl\/#organization"},"potentialAction":[{"@type":"SearchAction","target":{"@type":"EntryPoint","urlTemplate":"https:\/\/absinthegdansk.pl\/?s={search_term_string}"},"query-input":{"@type":"PropertyValueSpecification","valueRequired":true,"valueName":"search_term_string"}}],"inLanguage":"pl-PL"},{"@type":"Organization","@id":"https:\/\/absinthegdansk.pl\/#organization","name":"Absinthe","url":"https:\/\/absinthegdansk.pl\/","logo":{"@type":"ImageObject","inLanguage":"pl-PL","@id":"https:\/\/absinthegdansk.pl\/#\/schema\/logo\/image\/","url":"https:\/\/i0.wp.com\/absinthegdansk.pl\/wp-content\/uploads\/2022\/10\/Logosmall-1.png?fit=2416%2C395&ssl=1","contentUrl":"https:\/\/i0.wp.com\/absinthegdansk.pl\/wp-content\/uploads\/2022\/10\/Logosmall-1.png?fit=2416%2C395&ssl=1","width":2416,"height":395,"caption":"Absinthe"},"image":{"@id":"https:\/\/absinthegdansk.pl\/#\/schema\/logo\/image\/"}}]}},"jetpack_sharing_enabled":true,"_links":{"self":[{"href":"https:\/\/absinthegdansk.pl\/pl\/wp-json\/wp\/v2\/pages\/196","targetHints":{"allow":["GET"]}}],"collection":[{"href":"https:\/\/absinthegdansk.pl\/pl\/wp-json\/wp\/v2\/pages"}],"about":[{"href":"https:\/\/absinthegdansk.pl\/pl\/wp-json\/wp\/v2\/types\/page"}],"author":[{"embeddable":true,"href":"https:\/\/absinthegdansk.pl\/pl\/wp-json\/wp\/v2\/users\/1"}],"replies":[{"embeddable":true,"href":"https:\/\/absinthegdansk.pl\/pl\/wp-json\/wp\/v2\/comments?post=196"}],"version-history":[{"count":20,"href":"https:\/\/absinthegdansk.pl\/pl\/wp-json\/wp\/v2\/pages\/196\/revisions"}],"predecessor-version":[{"id":524,"href":"https:\/\/absinthegdansk.pl\/pl\/wp-json\/wp\/v2\/pages\/196\/revisions\/524"}],"wp:attachment":[{"href":"https:\/\/absinthegdansk.pl\/pl\/wp-json\/wp\/v2\/media?parent=196"}],"curies":[{"name":"wp","href":"https:\/\/api.w.org\/{rel}","templated":true}]}}